{"id":12077,"date":"2021-04-06T10:52:49","date_gmt":"2021-04-06T10:52:49","guid":{"rendered":"https:\/\/682drums.com\/product\/dcb-4-bass-drum-microfoon\/"},"modified":"2022-12-29T14:43:50","modified_gmt":"2022-12-29T14:43:50","slug":"dcb-4-bass-drum-microphone-2","status":"publish","type":"product","link":"https:\/\/682drums.com\/nl\/product\/dcb-4-bass-drum-microphone-2\/","title":{"rendered":"DCB-4 BASS DRUM MICROFOON"},"content":{"rendered":"<p><img fetchpriority=\"high\" decoding=\"async\" class=\"size-medium wp-image-12302\" src=\"https:\/\/682drums.com\/wp-content\/uploads\/2021\/02\/banner-4-300x300.png\" alt=\"Drum microfoon in shock mount\" width=\"300\" height=\"300\" srcset=\"https:\/\/682drums.com\/wp-content\/uploads\/2021\/02\/banner-4-300x300.png 300w, https:\/\/682drums.com\/wp-content\/uploads\/2021\/02\/banner-4-150x150.png 150w, https:\/\/682drums.com\/wp-content\/uploads\/2021\/02\/banner-4.png 500w\" sizes=\"(max-width: 300px) 100vw, 300px\" \/><\/p>\n<p>Bass Drum Microfoon DCB-4<\/p>\n<p>De 682Drums DCB-4 is een professionele dynamische basdrum microfoon die geschikt is voor de studio en op het podium.<\/p>\n<p>De DCB-4 bestrijkt een frequentiebereik van 40Hz aan de onderkant tot 13,5kHz aan de bovenkant.<\/p>\n<p>Samen met zijn vermogen om extreme geluidsdrukniveaus tot 144 dB aan te kunnen zonder vervorming, is de DCB-4 een uitstekende keuze om instrumenten met een lagere frequentie, zoals kickdrums, floor toms en zelfs baskasten, van een microfoon te voorzien.<\/p>\n<p>De DCB-4 maakt gebruik van een unidirectioneel cardio\u00efde polair patroon. Houdt geluiden van aangrenzende geluidsbronnen buiten en zorgt voor optimale versterking v\u00f3\u00f3r terugkoppeling.<\/p>\n<p>Geconstrueerd met een duurzame gegoten aluminium behuizing en een gaasrooster met ingebouwd plopscherm.<\/p>\n<p>Standaard een XLR (male) connector. De microfoon wordt geleverd met de <a href=\"https:\/\/682drums.com\/nl\/product\/shock-mount-shm1-2\/\">SHOCK MOUNT SHM1<\/a> met zowel 5\/8&#8243; als 3\/8&#8243; schroefdraad voor eenvoudige montage met de meeste soorten microfoon standaarden. De shockmount minimaliseert de overdracht van ongewenste mechanische geluiden en andere trillingen.<\/p>\n","protected":false},"excerpt":{"rendered":"<div>Technische specificaties:<\/div>\n<div>\n<ul>\n<li>Specifiek voor de lage frequentierespons<\/li>\n<li>Lage storing bij wisselende impedantie, hoge versterking voor terugkoppeling van het geluid<\/li>\n<li>Lage ruis, hoge SPL verdraaglijk, 144dB<\/li>\n<li>Geschikt om te gebruiken voor bass drum, vloertom en het geluid oppakken van andere<\/li>\n<li>Breed dynamisch bereik bas instrumenten<\/li>\n<\/ul>\n<\/div>\n","protected":false},"featured_media":12302,"comment_status":"open","ping_status":"closed","template":"","meta":{"_monsterinsights_skip_tracking":false,"_monsterinsights_sitenote_active":false,"_monsterinsights_sitenote_note":"","_monsterinsights_sitenote_category":0},"product_brand":[],"product_cat":[195],"product_tag":[196,198,197],"class_list":{"0":"post-12077","1":"product","2":"type-product","3":"status-publish","4":"has-post-thumbnail","6":"product_cat-drum-microfoons","7":"product_tag-microfoon","8":"product_tag-mics-nl","9":"product_tag-miking-nl","11":"first","12":"instock","13":"taxable","14":"shipping-taxable","15":"purchasable","16":"product-type-simple"},"yoast_head":"<!-- This site is optimized with the Yoast SEO Premium plugin v23.5 (Yoast SEO v25.1) - https:\/\/yoast.com\/wordpress\/plugins\/seo\/ -->\n<title>Bass Drum Microfoon DCB-4 | 682Drums | E- &amp; Hybride drummen<\/title>\n<meta name=\"description\" content=\"Bass Drum Microfoon DCB-4 is geschikt voor de studio en op het podium. Een uitstekende keuze om instrumenten met een lagere frequentie op te nemen.\" \/>\n<meta name=\"robots\" content=\"index, follow, max-snippet:-1, max-image-preview:large, max-video-preview:-1\" \/>\n<link rel=\"canonical\" href=\"https:\/\/682drums.com\/nl\/product\/dcb-4-bass-drum-microphone-2\/\" \/>\n<meta property=\"og:locale\" content=\"nl_NL\" \/>\n<meta property=\"og:type\" content=\"article\" \/>\n<meta property=\"og:title\" content=\"DCB-4 BASS DRUM MICROFOON\" \/>\n<meta property=\"og:description\" content=\"Bass Drum Microfoon DCB-4 is geschikt voor de studio en op het podium. Een uitstekende keuze om instrumenten met een lagere frequentie op te nemen.\" \/>\n<meta property=\"og:url\" content=\"https:\/\/682drums.com\/nl\/product\/dcb-4-bass-drum-microphone-2\/\" \/>\n<meta property=\"og:site_name\" content=\"682Drums\" \/>\n<meta property=\"article:modified_time\" content=\"2022-12-29T14:43:50+00:00\" \/>\n<meta property=\"og:image\" content=\"https:\/\/682drums.com\/wp-content\/uploads\/2021\/02\/banner-4.png\" \/>\n\t<meta property=\"og:image:width\" content=\"500\" \/>\n\t<meta property=\"og:image:height\" content=\"500\" \/>\n\t<meta property=\"og:image:type\" content=\"image\/png\" \/>\n<meta name=\"twitter:card\" content=\"summary_large_image\" \/>\n<meta name=\"twitter:label1\" content=\"Geschatte leestijd\" \/>\n\t<meta name=\"twitter:data1\" content=\"1 minuut\" \/>\n<script type=\"application\/ld+json\" class=\"yoast-schema-graph\">{\"@context\":\"https:\/\/schema.org\",\"@graph\":[{\"@type\":\"WebPage\",\"@id\":\"https:\/\/682drums.com\/nl\/product\/dcb-4-bass-drum-microphone-2\/\",\"url\":\"https:\/\/682drums.com\/nl\/product\/dcb-4-bass-drum-microphone-2\/\",\"name\":\"Bass Drum Microfoon DCB-4 | 682Drums | E- & Hybride drummen\",\"isPartOf\":{\"@id\":\"https:\/\/682drums.com\/#website\"},\"primaryImageOfPage\":{\"@id\":\"https:\/\/682drums.com\/nl\/product\/dcb-4-bass-drum-microphone-2\/#primaryimage\"},\"image\":{\"@id\":\"https:\/\/682drums.com\/nl\/product\/dcb-4-bass-drum-microphone-2\/#primaryimage\"},\"thumbnailUrl\":\"https:\/\/682drums.com\/wp-content\/uploads\/2021\/02\/banner-4.png\",\"datePublished\":\"2021-04-06T10:52:49+00:00\",\"dateModified\":\"2022-12-29T14:43:50+00:00\",\"description\":\"Bass Drum Microfoon DCB-4 is geschikt voor de studio en op het podium. Een uitstekende keuze om instrumenten met een lagere frequentie op te nemen.\",\"breadcrumb\":{\"@id\":\"https:\/\/682drums.com\/nl\/product\/dcb-4-bass-drum-microphone-2\/#breadcrumb\"},\"inLanguage\":\"nl-NL\",\"potentialAction\":[{\"@type\":\"ReadAction\",\"target\":[\"https:\/\/682drums.com\/nl\/product\/dcb-4-bass-drum-microphone-2\/\"]}]},{\"@type\":\"ImageObject\",\"inLanguage\":\"nl-NL\",\"@id\":\"https:\/\/682drums.com\/nl\/product\/dcb-4-bass-drum-microphone-2\/#primaryimage\",\"url\":\"https:\/\/682drums.com\/wp-content\/uploads\/2021\/02\/banner-4.png\",\"contentUrl\":\"https:\/\/682drums.com\/wp-content\/uploads\/2021\/02\/banner-4.png\",\"width\":500,\"height\":500,\"caption\":\"Drum microfoon in shock mount\"},{\"@type\":\"BreadcrumbList\",\"@id\":\"https:\/\/682drums.com\/nl\/product\/dcb-4-bass-drum-microphone-2\/#breadcrumb\",\"itemListElement\":[{\"@type\":\"ListItem\",\"position\":1,\"name\":\"Home\",\"item\":\"https:\/\/682drums.com\/nl\/\"},{\"@type\":\"ListItem\",\"position\":2,\"name\":\"Producten\",\"item\":\"https:\/\/682drums.com\/nl\/shop\/\"},{\"@type\":\"ListItem\",\"position\":3,\"name\":\"DCB-4 BASS DRUM MICROFOON\"}]},{\"@type\":\"WebSite\",\"@id\":\"https:\/\/682drums.com\/#website\",\"url\":\"https:\/\/682drums.com\/\",\"name\":\"682Drums\",\"description\":\"electronic and hybrid drumming\",\"potentialAction\":[{\"@type\":\"SearchAction\",\"target\":{\"@type\":\"EntryPoint\",\"urlTemplate\":\"https:\/\/682drums.com\/?s={search_term_string}\"},\"query-input\":{\"@type\":\"PropertyValueSpecification\",\"valueRequired\":true,\"valueName\":\"search_term_string\"}}],\"inLanguage\":\"nl-NL\"}]}<\/script>\n<!-- \/ Yoast SEO Premium plugin. -->","yoast_head_json":{"title":"Bass Drum Microfoon DCB-4 | 682Drums | E- & Hybride drummen","description":"Bass Drum Microfoon DCB-4 is geschikt voor de studio en op het podium. Een uitstekende keuze om instrumenten met een lagere frequentie op te nemen.","robots":{"index":"index","follow":"follow","max-snippet":"max-snippet:-1","max-image-preview":"max-image-preview:large","max-video-preview":"max-video-preview:-1"},"canonical":"https:\/\/682drums.com\/nl\/product\/dcb-4-bass-drum-microphone-2\/","og_locale":"nl_NL","og_type":"article","og_title":"DCB-4 BASS DRUM MICROFOON","og_description":"Bass Drum Microfoon DCB-4 is geschikt voor de studio en op het podium. Een uitstekende keuze om instrumenten met een lagere frequentie op te nemen.","og_url":"https:\/\/682drums.com\/nl\/product\/dcb-4-bass-drum-microphone-2\/","og_site_name":"682Drums","article_modified_time":"2022-12-29T14:43:50+00:00","og_image":[{"width":500,"height":500,"url":"https:\/\/682drums.com\/wp-content\/uploads\/2021\/02\/banner-4.png","type":"image\/png"}],"twitter_card":"summary_large_image","twitter_misc":{"Geschatte leestijd":"1 minuut"},"schema":{"@context":"https:\/\/schema.org","@graph":[{"@type":"WebPage","@id":"https:\/\/682drums.com\/nl\/product\/dcb-4-bass-drum-microphone-2\/","url":"https:\/\/682drums.com\/nl\/product\/dcb-4-bass-drum-microphone-2\/","name":"Bass Drum Microfoon DCB-4 | 682Drums | E- & Hybride drummen","isPartOf":{"@id":"https:\/\/682drums.com\/#website"},"primaryImageOfPage":{"@id":"https:\/\/682drums.com\/nl\/product\/dcb-4-bass-drum-microphone-2\/#primaryimage"},"image":{"@id":"https:\/\/682drums.com\/nl\/product\/dcb-4-bass-drum-microphone-2\/#primaryimage"},"thumbnailUrl":"https:\/\/682drums.com\/wp-content\/uploads\/2021\/02\/banner-4.png","datePublished":"2021-04-06T10:52:49+00:00","dateModified":"2022-12-29T14:43:50+00:00","description":"Bass Drum Microfoon DCB-4 is geschikt voor de studio en op het podium. Een uitstekende keuze om instrumenten met een lagere frequentie op te nemen.","breadcrumb":{"@id":"https:\/\/682drums.com\/nl\/product\/dcb-4-bass-drum-microphone-2\/#breadcrumb"},"inLanguage":"nl-NL","potentialAction":[{"@type":"ReadAction","target":["https:\/\/682drums.com\/nl\/product\/dcb-4-bass-drum-microphone-2\/"]}]},{"@type":"ImageObject","inLanguage":"nl-NL","@id":"https:\/\/682drums.com\/nl\/product\/dcb-4-bass-drum-microphone-2\/#primaryimage","url":"https:\/\/682drums.com\/wp-content\/uploads\/2021\/02\/banner-4.png","contentUrl":"https:\/\/682drums.com\/wp-content\/uploads\/2021\/02\/banner-4.png","width":500,"height":500,"caption":"Drum microfoon in shock mount"},{"@type":"BreadcrumbList","@id":"https:\/\/682drums.com\/nl\/product\/dcb-4-bass-drum-microphone-2\/#breadcrumb","itemListElement":[{"@type":"ListItem","position":1,"name":"Home","item":"https:\/\/682drums.com\/nl\/"},{"@type":"ListItem","position":2,"name":"Producten","item":"https:\/\/682drums.com\/nl\/shop\/"},{"@type":"ListItem","position":3,"name":"DCB-4 BASS DRUM MICROFOON"}]},{"@type":"WebSite","@id":"https:\/\/682drums.com\/#website","url":"https:\/\/682drums.com\/","name":"682Drums","description":"electronic and hybrid drumming","potentialAction":[{"@type":"SearchAction","target":{"@type":"EntryPoint","urlTemplate":"https:\/\/682drums.com\/?s={search_term_string}"},"query-input":{"@type":"PropertyValueSpecification","valueRequired":true,"valueName":"search_term_string"}}],"inLanguage":"nl-NL"}]}},"_links":{"self":[{"href":"https:\/\/682drums.com\/nl\/wp-json\/wp\/v2\/product\/12077","targetHints":{"allow":["GET"]}}],"collection":[{"href":"https:\/\/682drums.com\/nl\/wp-json\/wp\/v2\/product"}],"about":[{"href":"https:\/\/682drums.com\/nl\/wp-json\/wp\/v2\/types\/product"}],"replies":[{"embeddable":true,"href":"https:\/\/682drums.com\/nl\/wp-json\/wp\/v2\/comments?post=12077"}],"version-history":[{"count":3,"href":"https:\/\/682drums.com\/nl\/wp-json\/wp\/v2\/product\/12077\/revisions"}],"predecessor-version":[{"id":12562,"href":"https:\/\/682drums.com\/nl\/wp-json\/wp\/v2\/product\/12077\/revisions\/12562"}],"wp:featuredmedia":[{"embeddable":true,"href":"https:\/\/682drums.com\/nl\/wp-json\/wp\/v2\/media\/12302"}],"wp:attachment":[{"href":"https:\/\/682drums.com\/nl\/wp-json\/wp\/v2\/media?parent=12077"}],"wp:term":[{"taxonomy":"product_brand","embeddable":true,"href":"https:\/\/682drums.com\/nl\/wp-json\/wp\/v2\/product_brand?post=12077"},{"taxonomy":"product_cat","embeddable":true,"href":"https:\/\/682drums.com\/nl\/wp-json\/wp\/v2\/product_cat?post=12077"},{"taxonomy":"product_tag","embeddable":true,"href":"https:\/\/682drums.com\/nl\/wp-json\/wp\/v2\/product_tag?post=12077"}],"curies":[{"name":"wp","href":"https:\/\/api.w.org\/{rel}","templated":true}]}}